{"id":7181,"date":"2024-11-30T02:00:30","date_gmt":"2024-11-30T02:00:30","guid":{"rendered":"https:\/\/172-104-212-166.ip.linodeusercontent.com\/?page_id=7181"},"modified":"2024-12-16T21:52:18","modified_gmt":"2024-12-16T21:52:18","slug":"proteccion-de-datos","status":"publish","type":"page","link":"https:\/\/demo.jamnweb.com\/en\/proteccion-de-datos\/","title":{"rendered":"Protection of Personal Data"},"content":{"rendered":"<div data-elementor-type=\"wp-page\" data-elementor-id=\"7181\" class=\"elementor elementor-7181\" data-elementor-post-type=\"page\">\n\t\t\t\t<div class=\"has_ae_slider elementor-element elementor-element-f8e63a2 e-con-full e-flex ae-bg-gallery-type-default e-con e-parent\" data-id=\"f8e63a2\" data-element_type=\"container\">\n\t\t<div class=\"has_ae_slider elementor-element elementor-element-4801f14 e-con-full e-flex ae-bg-gallery-type-default e-con e-child\" data-id=\"4801f14\" data-element_type=\"container\">\n\t\t\t\t<div class=\"elementor-element elementor-element-08f8c97 elementor-widget elementor-widget-text-editor\" data-id=\"08f8c97\" data-element_type=\"widget\" data-widget_type=\"text-editor.default\">\n\t\t\t\t<div class=\"elementor-widget-container\">\n\t\t\t\t\t\t\t<p><a style=\"color: #484848;\" href=\"\/en\/\">Home <\/a> \/ Protecci\u00f3n de Datos Personales<\/p>\t\t\t\t\t\t<\/div>\n\t\t\t\t<\/div>\n\t\t\t\t<\/div>\n\t\t\t\t<\/div>\n\t\t<div class=\"has_ae_slider elementor-element elementor-element-ea1b4a6 e-con-full e-flex ae-bg-gallery-type-default e-con e-parent\" data-id=\"ea1b4a6\" data-element_type=\"container\">\n\t\t<div class=\"has_ae_slider elementor-element elementor-element-83a8c7f e-con-full e-flex ae-bg-gallery-type-default e-con e-child\" data-dce-background-image-url=\"https:\/\/ooe.boo.mybluehost.me\/wp-content\/uploads\/2024\/11\/gobierno_interna.jpg\" data-dce-background-overlay-image-url=\"https:\/\/ooe.boo.mybluehost.me\/wp-content\/uploads\/2024\/08\/Rectangle-75.png\" data-id=\"83a8c7f\" data-element_type=\"container\" data-settings=\"{&quot;background_background&quot;:&quot;classic&quot;}\">\n\t\t\t\t<div class=\"elementor-element elementor-element-f86e552 elementor-widget elementor-widget-heading\" data-id=\"f86e552\" data-element_type=\"widget\" data-widget_type=\"heading.default\">\n\t\t\t\t<div class=\"elementor-widget-container\">\n\t\t\t<h2 class=\"elementor-heading-title elementor-size-default\">Protection of Personal Data<\/h2>\t\t<\/div>\n\t\t\t\t<\/div>\n\t\t\t\t<\/div>\n\t\t\t\t<\/div>\n\t\t<div class=\"has_ae_slider elementor-element elementor-element-9f97a2e e-con-full e-flex ae-bg-gallery-type-default e-con e-parent\" data-id=\"9f97a2e\" data-element_type=\"container\">\n\t\t<div class=\"has_ae_slider elementor-element elementor-element-0487917 e-con-full e-flex ae-bg-gallery-type-default e-con e-child\" data-id=\"0487917\" data-element_type=\"container\">\n\t\t<div class=\"has_ae_slider elementor-element elementor-element-8aea822 e-con-full e-flex ae-bg-gallery-type-default e-con e-child\" data-id=\"8aea822\" data-element_type=\"container\">\n\t\t<div class=\"has_ae_slider elementor-element elementor-element-43b679a e-con-full e-flex ae-bg-gallery-type-default e-con e-child\" data-dce-background-overlay-image-url=\"https:\/\/ooe.boo.mybluehost.me\/wp-content\/uploads\/2024\/08\/Rectangle-70-6.png\" data-id=\"43b679a\" data-element_type=\"container\">\n\t\t\t\t<div data-dce-advanced-background-color=\"#FFFFFF\" data-dce-advanced-background-image-url=\"https:\/\/ooe.boo.mybluehost.me\/wp-content\/uploads\/2024\/08\/Frame-594.png\" class=\"elementor-element elementor-element-920af4c elementor-vertical-align-middle bot elementor-widget__width-inherit elementor-widget elementor-widget-icon-box\" data-id=\"920af4c\" data-element_type=\"widget\" data-widget_type=\"icon-box.default\">\n\t\t\t\t<div class=\"elementor-widget-container\">\n\t\t\t\t\t<div class=\"elementor-icon-box-wrapper\">\n\n\t\t\t\n\t\t\t\t\t\t<div class=\"elementor-icon-box-content\">\n\n\t\t\t\t\t\t\t\t\t<h3 class=\"elementor-icon-box-title\">\n\t\t\t\t\t\t<a href=\"\/wp-content\/uploads\/2024\/12\/politica-de-privacidad.pdf\" target=\"_blank\" >\n\t\t\t\t\t\t\t1. Pol\u00edticas de Privacidad\t\t\t\t\t\t<\/a>\n\t\t\t\t\t<\/h3>\n\t\t\t\t\n\t\t\t\t\n\t\t\t<\/div>\n\t\t\t\n\t\t<\/div>\n\t\t\t\t<\/div>\n\t\t\t\t<\/div>\n\t\t\t\t<div class=\"elementor-element elementor-element-5893567 elementor-align-center elementor-widget__width-inherit elementor-widget elementor-widget-button\" data-id=\"5893567\" data-element_type=\"widget\" data-widget_type=\"button.default\">\n\t\t\t\t<div class=\"elementor-widget-container\">\n\t\t\t\t\t\t\t<div class=\"elementor-button-wrapper\">\n\t\t\t\t\t<a class=\"elementor-button elementor-button-link elementor-size-sm\" href=\"\/en\/politicas-de-privacidad\/\">\n\t\t\t\t\t\t<span class=\"elementor-button-content-wrapper\">\n\t\t\t\t\t\t<span class=\"elementor-button-icon\">\n\t\t\t\t<svg aria-hidden=\"true\" class=\"e-font-icon-svg e-fas-arrow-circle-right\" viewbox=\"0 0 512 512\" xmlns=\"http:\/\/www.w3.org\/2000\/svg\"><path d=\"M256 8c137 0 248 111 248 248S393 504 256 504 8 393 8 256 119 8 256 8zm-28.9 143.6l75.5 72.4H120c-13.3 0-24 10.7-24 24v16c0 13.3 10.7 24 24 24h182.6l-75.5 72.4c-9.7 9.3-9.9 24.8-.4 34.3l11 10.9c9.4 9.4 24.6 9.4 33.9 0L404.3 273c9.4-9.4 9.4-24.6 0-33.9L271.6 106.3c-9.4-9.4-24.6-9.4-33.9 0l-11 10.9c-9.5 9.6-9.3 25.1.4 34.4z\"><\/path><\/svg>\t\t\t<\/span>\n\t\t\t\t\t\t\t\t\t<span class=\"elementor-button-text\">Entrar <\/span>\n\t\t\t\t\t<\/span>\n\t\t\t\t\t<\/a>\n\t\t\t\t<\/div>\n\t\t\t\t\t\t<\/div>\n\t\t\t\t<\/div>\n\t\t\t\t<\/div>\n\t\t<div class=\"has_ae_slider elementor-element elementor-element-c271100 e-con-full e-flex ae-bg-gallery-type-default e-con e-child\" data-dce-background-overlay-image-url=\"https:\/\/ooe.boo.mybluehost.me\/wp-content\/uploads\/2024\/08\/Rectangle-70-6.png\" data-id=\"c271100\" data-element_type=\"container\">\n\t\t\t\t<div data-dce-advanced-background-color=\"#FFFFFF\" data-dce-advanced-background-image-url=\"https:\/\/ooe.boo.mybluehost.me\/wp-content\/uploads\/2024\/08\/Frame-594.png\" class=\"elementor-element elementor-element-634cc4d elementor-vertical-align-middle bot elementor-widget__width-inherit elementor-widget elementor-widget-icon-box\" data-id=\"634cc4d\" data-element_type=\"widget\" data-widget_type=\"icon-box.default\">\n\t\t\t\t<div class=\"elementor-widget-container\">\n\t\t\t\t\t<div class=\"elementor-icon-box-wrapper\">\n\n\t\t\t\n\t\t\t\t\t\t<div class=\"elementor-icon-box-content\">\n\n\t\t\t\t\t\t\t\t\t<h3 class=\"elementor-icon-box-title\">\n\t\t\t\t\t\t<a href=\"\/wp-content\/uploads\/2024\/11\/proteccion2.pdf\" target=\"_blank\" >\n\t\t\t\t\t\t\t2. EJERCICIO DE DERECHOS ARCO\t\t\t\t\t\t<\/a>\n\t\t\t\t\t<\/h3>\n\t\t\t\t\n\t\t\t\t\n\t\t\t<\/div>\n\t\t\t\n\t\t<\/div>\n\t\t\t\t<\/div>\n\t\t\t\t<\/div>\n\t\t\t\t<\/div>\n\t\t\t\t<div class=\"elementor-element elementor-element-253bb69 elementor-widget elementor-widget-text-editor\" data-id=\"253bb69\" data-element_type=\"widget\" data-widget_type=\"text-editor.default\">\n\t\t\t\t<div class=\"elementor-widget-container\">\n\t\t\t\t\t\t\t<p>Para efectuar su solicitud ARCO le recordamos que tiene dos canales autorizados : mesa de partes ubicada en Avenida Paseo de la Rep\u00fablica 3018, San Isidro \u2013 Lima, Per\u00fa o por correo electr\u00f3nico al buz\u00f3n\u00a0<a class=\"linksimple\" href=\"mailto:lpdp.arco@buenaventura.pe\">lpdp.arco@buenaventura.pe<\/a>. El formato de solicitud ARCO se puede descargar aqu\u00ed.<\/p>\t\t\t\t\t\t<\/div>\n\t\t\t\t<\/div>\n\t\t\t\t<div class=\"elementor-element elementor-element-7bb5df6 elementor-align-center elementor-widget__width-inherit elementor-widget elementor-widget-button\" data-id=\"7bb5df6\" data-element_type=\"widget\" data-widget_type=\"button.default\">\n\t\t\t\t<div class=\"elementor-widget-container\">\n\t\t\t\t\t\t\t<div class=\"elementor-button-wrapper\">\n\t\t\t\t\t<a class=\"elementor-button elementor-button-link elementor-size-sm\" href=\"\/wp-content\/uploads\/2024\/11\/proteccion2.pdf\" target=\"_blank\">\n\t\t\t\t\t\t<span class=\"elementor-button-content-wrapper\">\n\t\t\t\t\t\t\t\t\t<span class=\"elementor-button-text\">Descargar PDF<\/span>\n\t\t\t\t\t<\/span>\n\t\t\t\t\t<\/a>\n\t\t\t\t<\/div>\n\t\t\t\t\t\t<\/div>\n\t\t\t\t<\/div>\n\t\t\t\t<div class=\"elementor-element elementor-element-08e137d dce_masking-none elementor-widget elementor-widget-image\" data-id=\"08e137d\" data-element_type=\"widget\" data-widget_type=\"image.default\">\n\t\t\t\t<div class=\"elementor-widget-container\">\n\t\t\t\t\t\t\t\t\t\t\t\t\t<img fetchpriority=\"high\" decoding=\"async\" width=\"374\" height=\"206\" src=\"https:\/\/demo.jamnweb.com\/wp-content\/uploads\/2024\/11\/grafico.png\" class=\"attachment-large size-large wp-image-7186\" alt=\"\" srcset=\"https:\/\/demo.jamnweb.com\/wp-content\/uploads\/2024\/11\/grafico.png 374w, https:\/\/demo.jamnweb.com\/wp-content\/uploads\/2024\/11\/grafico-300x165.png 300w, https:\/\/demo.jamnweb.com\/wp-content\/uploads\/2024\/11\/grafico-18x10.png 18w\" sizes=\"(max-width: 374px) 100vw, 374px\" \/>\t\t\t\t\t\t\t\t\t\t\t\t\t<\/div>\n\t\t\t\t<\/div>\n\t\t\t\t<\/div>\n\t\t\t\t<\/div>\n\t\t\t\t<\/div>\n\t\t\t\t<\/div>","protected":false},"excerpt":{"rendered":"<p>Inicio \/ Protecci\u00f3n de Datos Personales Protecci\u00f3n de Datos Personales 1. Pol\u00edticas de Privacidad Entrar 2. EJERCICIO DE DERECHOS ARCO Para efectuar su solicitud ARCO le recordamos que tiene dos canales autorizados : mesa de partes ubicada en Avenida Paseo de la Rep\u00fablica 3018, San Isidro \u2013 Lima, Per\u00fa o por correo electr\u00f3nico al buz\u00f3n\u00a0lpdp.arco@buenaventura.pe. [&hellip;]<\/p>\n","protected":false},"author":1,"featured_media":0,"parent":0,"menu_order":0,"comment_status":"closed","ping_status":"closed","template":"elementor_header_footer","meta":{"footnotes":""},"class_list":["post-7181","page","type-page","status-publish","hentry"],"acf":[],"_links":{"self":[{"href":"https:\/\/demo.jamnweb.com\/en\/wp-json\/wp\/v2\/pages\/7181","targetHints":{"allow":["GET"]}}],"collection":[{"href":"https:\/\/demo.jamnweb.com\/en\/wp-json\/wp\/v2\/pages"}],"about":[{"href":"https:\/\/demo.jamnweb.com\/en\/wp-json\/wp\/v2\/types\/page"}],"author":[{"embeddable":true,"href":"https:\/\/demo.jamnweb.com\/en\/wp-json\/wp\/v2\/users\/1"}],"replies":[{"embeddable":true,"href":"https:\/\/demo.jamnweb.com\/en\/wp-json\/wp\/v2\/comments?post=7181"}],"version-history":[{"count":20,"href":"https:\/\/demo.jamnweb.com\/en\/wp-json\/wp\/v2\/pages\/7181\/revisions"}],"predecessor-version":[{"id":7775,"href":"https:\/\/demo.jamnweb.com\/en\/wp-json\/wp\/v2\/pages\/7181\/revisions\/7775"}],"wp:attachment":[{"href":"https:\/\/demo.jamnweb.com\/en\/wp-json\/wp\/v2\/media?parent=7181"}],"curies":[{"name":"wp","href":"https:\/\/api.w.org\/{rel}","templated":true}]}}