{"id":3188,"date":"2024-08-27T16:13:57","date_gmt":"2024-08-27T16:13:57","guid":{"rendered":"https:\/\/172-104-212-166.ip.linodeusercontent.com\/?page_id=3188"},"modified":"2024-09-17T03:46:56","modified_gmt":"2024-09-17T03:46:56","slug":"comites-2","status":"publish","type":"page","link":"https:\/\/demo.jamnweb.com\/en\/comites-2\/","title":{"rendered":"Committees"},"content":{"rendered":"<div data-elementor-type=\"wp-post\" data-elementor-id=\"3188\" class=\"elementor elementor-3188\" data-elementor-post-type=\"page\">\n\t\t\t\t<div class=\"has_ae_slider elementor-element elementor-element-ba3e880 e-con-full e-flex ae-bg-gallery-type-default e-con e-parent\" data-id=\"ba3e880\" data-element_type=\"container\">\n\t\t<div class=\"has_ae_slider elementor-element elementor-element-1c8a5df e-con-full e-flex ae-bg-gallery-type-default e-con e-child\" data-id=\"1c8a5df\" data-element_type=\"container\">\n\t\t<div class=\"has_ae_slider elementor-element elementor-element-64428da e-con-full e-flex ae-bg-gallery-type-default e-con e-child\" data-id=\"64428da\" data-element_type=\"container\">\n\t\t\t\t<div class=\"elementor-element elementor-element-2957361 elementor-widget elementor-widget-text-editor\" data-id=\"2957361\" data-element_type=\"widget\" data-widget_type=\"text-editor.default\">\n\t\t\t\t<div class=\"elementor-widget-container\">\n\t\t\t\t\t\t\t<p><a style=\"color: #484848;\" href=\"\/en\/\">Home <\/a> \/ <a style=\"color: #484848;\" href=\"\/en\/inversionista\/\">Investor Relations <\/a>\/ <strong style=\"color: #484848;\">Committees<\/strong><\/p>\t\t\t\t\t\t<\/div>\n\t\t\t\t<\/div>\n\t\t\t\t<\/div>\n\t\t<div class=\"has_ae_slider elementor-element elementor-element-afd5898 e-con-full e-flex ae-bg-gallery-type-default e-con e-child\" data-id=\"afd5898\" data-element_type=\"container\">\n\t\t\t\t<div class=\"elementor-element elementor-element-e9bf2d2 dce_masking-none elementor-widget elementor-widget-image\" data-id=\"e9bf2d2\" data-element_type=\"widget\" data-widget_type=\"image.default\">\n\t\t\t\t<div class=\"elementor-widget-container\">\n\t\t\t\t\t\t\t\t\t\t\t\t\t\t<a href=\"\/en\/directorio-y-gerencia\/\">\n\t\t\t\t\t\t\t<img decoding=\"async\" width=\"49\" height=\"45\" src=\"https:\/\/demo.jamnweb.com\/wp-content\/uploads\/2024\/08\/Frame-112.png\" class=\"attachment-large size-large wp-image-2977\" alt=\"\" \/>\t\t\t\t\t\t\t\t<\/a>\n\t\t\t\t\t\t\t\t\t\t\t\t\t<\/div>\n\t\t\t\t<\/div>\n\t\t\t\t<div class=\"elementor-element elementor-element-cbf0b89 dce_masking-none elementor-widget elementor-widget-image\" data-id=\"cbf0b89\" data-element_type=\"widget\" data-widget_type=\"image.default\">\n\t\t\t\t<div class=\"elementor-widget-container\">\n\t\t\t\t\t\t\t\t\t\t\t\t\t\t<a href=\"\/en\/codigo-de-etica\/\">\n\t\t\t\t\t\t\t<img decoding=\"async\" width=\"49\" height=\"45\" src=\"https:\/\/demo.jamnweb.com\/wp-content\/uploads\/2024\/08\/Frame-111.png\" class=\"attachment-large size-large wp-image-2978\" alt=\"\" \/>\t\t\t\t\t\t\t\t<\/a>\n\t\t\t\t\t\t\t\t\t\t\t\t\t<\/div>\n\t\t\t\t<\/div>\n\t\t\t\t<\/div>\n\t\t\t\t<\/div>\n\t\t\t\t<\/div>\n\t\t<div class=\"has_ae_slider elementor-element elementor-element-8092174 e-con-full e-flex ae-bg-gallery-type-default e-con e-parent\" data-id=\"8092174\" data-element_type=\"container\">\n\t\t<div class=\"has_ae_slider elementor-element elementor-element-6a83c84 e-con-full e-flex ae-bg-gallery-type-default e-con e-child\" data-dce-background-image-url=\"https:\/\/ooe.boo.mybluehost.me\/wp-content\/uploads\/2024\/09\/fondo-otros.jpg\" data-id=\"6a83c84\" data-element_type=\"container\" data-settings=\"{&quot;background_background&quot;:&quot;classic&quot;}\">\n\t\t\t\t<div class=\"elementor-element elementor-element-f113c13 elementor-widget elementor-widget-heading\" data-id=\"f113c13\" data-element_type=\"widget\" data-widget_type=\"heading.default\">\n\t\t\t\t<div class=\"elementor-widget-container\">\n\t\t\t<h2 class=\"elementor-heading-title elementor-size-default\">Committees<\/h2>\t\t<\/div>\n\t\t\t\t<\/div>\n\t\t\t\t<\/div>\n\t\t\t\t<\/div>\n\t\t<div class=\"has_ae_slider elementor-element elementor-element-d02e884 e-con-full e-flex ae-bg-gallery-type-default e-con e-parent\" data-dce-background-overlay-image-url=\"https:\/\/ooe.boo.mybluehost.me\/wp-content\/uploads\/2024\/08\/Group-2538.png\" data-id=\"d02e884\" data-element_type=\"container\">\n\t\t<div class=\"has_ae_slider elementor-element elementor-element-732b4ce e-con-full e-flex ae-bg-gallery-type-default e-con e-child\" data-id=\"732b4ce\" data-element_type=\"container\">\n\t\t\t\t<div class=\"elementor-element elementor-element-3ec64ba elementor-widget elementor-widget-text-editor\" data-id=\"3ec64ba\" data-element_type=\"widget\" data-widget_type=\"text-editor.default\">\n\t\t\t\t<div class=\"elementor-widget-container\">\n\t\t\t\t\t\t\t<p>Compa\u00f1\u00eda de Minas Buenaventura S.A.A. has the following committees:<\/p><ul><li><div>Audit Committee<\/div><\/li><li>Nominations and Remunerations Committee<\/li><li>Corporate Governance Committee<\/li><li>Sustainability and Innovation Committee<\/li><\/ul><p>Each Committee is governed by internal regulations, which describe its specific responsibilities, duties, and authority. The full Board of Directors is in charge of reviewing and approving these regulations, as well as the conclusions reached by these committees in their specific areas of competence. Each Committee, acting through its Chairman, shall regularly inform the full Board of Directors about the activities implemented.<\/p>\t\t\t\t\t\t<\/div>\n\t\t\t\t<\/div>\n\t\t\t\t<div class=\"elementor-element elementor-element-d45b4c0 elementor-widget elementor-widget-html\" data-id=\"d45b4c0\" data-element_type=\"widget\" data-widget_type=\"html.default\">\n\t\t\t\t<div class=\"elementor-widget-container\">\n\t\t\t<script src=\"https:\/\/ajax.googleapis.com\/ajax\/libs\/jquery\/3.6.0\/jquery.min.js\"><\/script>\r\n<script type=\"text\/javascript\">\r\n$(document).ready(function(){\r\n  $('#btn1').on(\"click\",function(e){\r\n     $('.contenido1').slideToggle(\"slow\");\r\n     return false;\r\n  });\r\n$('#btn2').on(\"click\",function(e){\r\n     $('.contenido2').slideToggle(\"slow\");\r\n     return false;\r\n  });\r\n$('#btn3').on(\"click\",function(e){\r\n     $('.contenido3').slideToggle(\"slow\");\r\n     return false;\r\n  });\r\n$('#btn4').on(\"click\",function(e){\r\n     $('.contenido4').slideToggle(\"slow\");\r\n     return false;\r\n  });\r\n$('#btn5').on(\"click\",function(e){\r\n     $('.contenido5').slideToggle(\"slow\");\r\n     return false;\r\n  });\r\n});\r\n<\/script>\t\t<\/div>\n\t\t\t\t<\/div>\n\t\t<div class=\"has_ae_slider elementor-element elementor-element-7142060 e-con-full e-flex ae-bg-gallery-type-default e-con e-child\" data-dce-background-overlay-image-url=\"https:\/\/ooe.boo.mybluehost.me\/wp-content\/uploads\/2024\/08\/Rectangle-70.svg\" data-id=\"7142060\" data-element_type=\"container\">\n\t\t\t\t<div data-dce-advanced-background-color=\"#FFFFFF\" data-dce-advanced-background-image-url=\"https:\/\/ooe.boo.mybluehost.me\/wp-content\/uploads\/2024\/08\/Vector.png\" class=\"elementor-element elementor-element-ac76a41 elementor-vertical-align-middle bot elementor-widget__width-inherit elementor-widget elementor-widget-icon-box\" data-id=\"ac76a41\" data-element_type=\"widget\" id=\"btn1\" data-widget_type=\"icon-box.default\">\n\t\t\t\t<div class=\"elementor-widget-container\">\n\t\t\t\t\t<div class=\"elementor-icon-box-wrapper\">\n\n\t\t\t\n\t\t\t\t\t\t<div class=\"elementor-icon-box-content\">\n\n\t\t\t\t\t\t\t\t\t<h3 class=\"elementor-icon-box-title\">\n\t\t\t\t\t\t<a href=\"#\" >\n\t\t\t\t\t\t\tAudit Committee\t\t\t\t\t\t<\/a>\n\t\t\t\t\t<\/h3>\n\t\t\t\t\n\t\t\t\t\n\t\t\t<\/div>\n\t\t\t\n\t\t<\/div>\n\t\t\t\t<\/div>\n\t\t\t\t<\/div>\n\t\t\t\t<\/div>\n\t\t<div class=\"has_ae_slider elementor-element elementor-element-b44c44d e-con-full contenido1 e-flex ae-bg-gallery-type-default e-con e-child\" data-dce-background-color=\"#F9F9F9\" data-id=\"b44c44d\" data-element_type=\"container\" data-settings=\"{&quot;background_background&quot;:&quot;classic&quot;}\">\n\t\t\t\t<div class=\"elementor-element elementor-element-58542c8 elementor-widget elementor-widget-text-editor\" data-id=\"58542c8\" data-element_type=\"widget\" data-widget_type=\"text-editor.default\">\n\t\t\t\t<div class=\"elementor-widget-container\">\n\t\t\t\t\t\t\t<p><strong>1. Composition<\/strong><\/p><p>The Audit Committee shall consist of three (3) directors appointed by the Board of Directors.<\/p><p><strong>2. Purpose<\/strong><\/p><ul><li>Aprobar el plan de auditor\u00eda de Buenaventura.<\/li><li>Supervisar el trabajo del auditor interno y revisar los informes de auditor\u00eda interna.<\/li><li>Revisar y disponer de acciones pertinentes a las denuncias recibidas por el Comit\u00e9 de \u00c9tica.<\/li><li>Supervisar el funcionamiento del sistema de control interno de Buenaventura.<\/li><li>Supervisar el trabajo de los auditores externos y revisar los informes de auditor\u00eda financiera y las relaciones comerciales con los auditores financieros.<\/li><li>Revisar y analizar los estados financieros trimestrales y anuales, individuales y consolidados.<\/li><\/ul>\t\t\t\t\t\t<\/div>\n\t\t\t\t<\/div>\n\t\t\t\t<\/div>\n\t\t<div class=\"has_ae_slider elementor-element elementor-element-01fe81d e-con-full e-flex ae-bg-gallery-type-default e-con e-child\" data-dce-background-overlay-image-url=\"https:\/\/ooe.boo.mybluehost.me\/wp-content\/uploads\/2024\/08\/Rectangle-70.svg\" data-id=\"01fe81d\" data-element_type=\"container\">\n\t\t\t\t<div data-dce-advanced-background-color=\"#FFFFFF\" data-dce-advanced-background-image-url=\"https:\/\/ooe.boo.mybluehost.me\/wp-content\/uploads\/2024\/08\/Vector.png\" class=\"elementor-element elementor-element-b74c2dd elementor-vertical-align-middle bot elementor-widget__width-inherit elementor-widget elementor-widget-icon-box\" data-id=\"b74c2dd\" data-element_type=\"widget\" id=\"btn2\" data-widget_type=\"icon-box.default\">\n\t\t\t\t<div class=\"elementor-widget-container\">\n\t\t\t\t\t<div class=\"elementor-icon-box-wrapper\">\n\n\t\t\t\n\t\t\t\t\t\t<div class=\"elementor-icon-box-content\">\n\n\t\t\t\t\t\t\t\t\t<h3 class=\"elementor-icon-box-title\">\n\t\t\t\t\t\t<a href=\"#\" >\n\t\t\t\t\t\t\tNominations and Remunerations Committee\t\t\t\t\t\t<\/a>\n\t\t\t\t\t<\/h3>\n\t\t\t\t\n\t\t\t\t\n\t\t\t<\/div>\n\t\t\t\n\t\t<\/div>\n\t\t\t\t<\/div>\n\t\t\t\t<\/div>\n\t\t\t\t<\/div>\n\t\t<div class=\"has_ae_slider elementor-element elementor-element-672c5da e-con-full contenido2 e-flex ae-bg-gallery-type-default e-con e-child\" data-dce-background-color=\"#F9F9F9\" data-id=\"672c5da\" data-element_type=\"container\" data-settings=\"{&quot;background_background&quot;:&quot;classic&quot;}\">\n\t\t\t\t<div class=\"elementor-element elementor-element-8615c0a elementor-widget elementor-widget-text-editor\" data-id=\"8615c0a\" data-element_type=\"widget\" data-widget_type=\"text-editor.default\">\n\t\t\t\t<div class=\"elementor-widget-container\">\n\t\t\t\t\t\t\t<p><strong>1. Composition<\/strong><\/p><p>El Comit\u00e9 de Compensaciones y Nominaciones estar\u00e1 compuesto por cuatro directores elegidos por el Directorio..<\/p><p><strong>2. Purpose<\/strong><\/p><ul><li>Revisar el procedimiento y c\u00e1lculo de la compensaci\u00f3n de los Directores y proponer al Directorio los ajustes necesarios.<\/li><li>Revisar el procedimiento y c\u00e1lculo de la remuneraci\u00f3n e incentivos de la Gerencia General y Alta Gerencia.<\/li><li>Realizar la evaluaci\u00f3n de los candidatos a Director.<\/li><li>Nominar a los candidatos a Director sobre la base de la evaluaci\u00f3n realizada previamente.<\/li><li>Realizar la evaluaci\u00f3n de los candidatos a Gerente General.<\/li><\/ul>\t\t\t\t\t\t<\/div>\n\t\t\t\t<\/div>\n\t\t\t\t<\/div>\n\t\t<div class=\"has_ae_slider elementor-element elementor-element-7328cb2 e-con-full e-flex ae-bg-gallery-type-default e-con e-child\" data-dce-background-overlay-image-url=\"https:\/\/ooe.boo.mybluehost.me\/wp-content\/uploads\/2024\/08\/Rectangle-70.svg\" data-id=\"7328cb2\" data-element_type=\"container\">\n\t\t\t\t<div data-dce-advanced-background-color=\"#FFFFFF\" data-dce-advanced-background-image-url=\"https:\/\/ooe.boo.mybluehost.me\/wp-content\/uploads\/2024\/08\/Vector.png\" class=\"elementor-element elementor-element-a3e654a elementor-vertical-align-middle bot elementor-widget__width-inherit elementor-widget elementor-widget-icon-box\" data-id=\"a3e654a\" data-element_type=\"widget\" id=\"btn3\" data-widget_type=\"icon-box.default\">\n\t\t\t\t<div class=\"elementor-widget-container\">\n\t\t\t\t\t<div class=\"elementor-icon-box-wrapper\">\n\n\t\t\t\n\t\t\t\t\t\t<div class=\"elementor-icon-box-content\">\n\n\t\t\t\t\t\t\t\t\t<h3 class=\"elementor-icon-box-title\">\n\t\t\t\t\t\t<a href=\"#\" >\n\t\t\t\t\t\t\tCorporate Governance Committee\t\t\t\t\t\t<\/a>\n\t\t\t\t\t<\/h3>\n\t\t\t\t\n\t\t\t\t\n\t\t\t<\/div>\n\t\t\t\n\t\t<\/div>\n\t\t\t\t<\/div>\n\t\t\t\t<\/div>\n\t\t\t\t<\/div>\n\t\t<div class=\"has_ae_slider elementor-element elementor-element-23158fe e-con-full contenido3 e-flex ae-bg-gallery-type-default e-con e-child\" data-dce-background-color=\"#F9F9F9\" data-id=\"23158fe\" data-element_type=\"container\" data-settings=\"{&quot;background_background&quot;:&quot;classic&quot;}\">\n\t\t\t\t<div class=\"elementor-element elementor-element-4152b98 elementor-widget elementor-widget-text-editor\" data-id=\"4152b98\" data-element_type=\"widget\" data-widget_type=\"text-editor.default\">\n\t\t\t\t<div class=\"elementor-widget-container\">\n\t\t\t\t\t\t\t<p><strong>1. Composition<\/strong><\/p><p>The Nominations Committee consists of the entire Board of Directors.<\/p><p><strong>2. Purpose<\/strong><\/p><ul><li>Realizar la evaluaci\u00f3n de independencia de los miembros del Directorio.<\/li><li>Llevar a cabo el proceso de autoevaluaci\u00f3n del Directorio y presentar los resultados y recomendaciones.<\/li><li>Revisar el informe y las pr\u00e1cticas de gobierno corporativo de Buenaventura.<\/li><\/ul>\t\t\t\t\t\t<\/div>\n\t\t\t\t<\/div>\n\t\t\t\t<\/div>\n\t\t<div class=\"has_ae_slider elementor-element elementor-element-f9619f3 e-con-full e-flex ae-bg-gallery-type-default e-con e-child\" data-dce-background-overlay-image-url=\"https:\/\/ooe.boo.mybluehost.me\/wp-content\/uploads\/2024\/08\/Rectangle-70.svg\" data-id=\"f9619f3\" data-element_type=\"container\">\n\t\t\t\t<div data-dce-advanced-background-color=\"#FFFFFF\" data-dce-advanced-background-image-url=\"https:\/\/ooe.boo.mybluehost.me\/wp-content\/uploads\/2024\/08\/Vector.png\" class=\"elementor-element elementor-element-33fb971 elementor-vertical-align-middle bot elementor-widget__width-inherit elementor-widget elementor-widget-icon-box\" data-id=\"33fb971\" data-element_type=\"widget\" id=\"btn4\" data-widget_type=\"icon-box.default\">\n\t\t\t\t<div class=\"elementor-widget-container\">\n\t\t\t\t\t<div class=\"elementor-icon-box-wrapper\">\n\n\t\t\t\n\t\t\t\t\t\t<div class=\"elementor-icon-box-content\">\n\n\t\t\t\t\t\t\t\t\t<h3 class=\"elementor-icon-box-title\">\n\t\t\t\t\t\t<a href=\"#\" >\n\t\t\t\t\t\t\tSustainability and Innovation Committee\t\t\t\t\t\t<\/a>\n\t\t\t\t\t<\/h3>\n\t\t\t\t\n\t\t\t\t\n\t\t\t<\/div>\n\t\t\t\n\t\t<\/div>\n\t\t\t\t<\/div>\n\t\t\t\t<\/div>\n\t\t\t\t<\/div>\n\t\t<div class=\"has_ae_slider elementor-element elementor-element-fb74726 e-con-full contenido4 e-flex ae-bg-gallery-type-default e-con e-child\" data-dce-background-color=\"#F9F9F9\" data-id=\"fb74726\" data-element_type=\"container\" data-settings=\"{&quot;background_background&quot;:&quot;classic&quot;}\">\n\t\t\t\t<div class=\"elementor-element elementor-element-814c3e9 elementor-widget elementor-widget-text-editor\" data-id=\"814c3e9\" data-element_type=\"widget\" data-widget_type=\"text-editor.default\">\n\t\t\t\t<div class=\"elementor-widget-container\">\n\t\t\t\t\t\t\t<p><strong>1. Composition<\/strong><\/p><p>The Good Corporate Governance Committee consists of the entire Board of Directors.<\/p><p><strong>2. Purpose<\/strong><\/p><ul><li>Monitorear las pr\u00e1cticas de sostenibilidad e innovaci\u00f3n de Buenaventura.<\/li><li>Realizar propuestas de mejora en dichos campos.<\/li><\/ul>\t\t\t\t\t\t<\/div>\n\t\t\t\t<\/div>\n\t\t\t\t<\/div>\n\t\t<div class=\"has_ae_slider elementor-element elementor-element-7ae80c9 e-con-full e-flex ae-bg-gallery-type-default e-con e-child\" data-dce-background-overlay-image-url=\"https:\/\/ooe.boo.mybluehost.me\/wp-content\/uploads\/2024\/08\/Rectangle-70.svg\" data-id=\"7ae80c9\" data-element_type=\"container\">\n\t\t\t\t<div data-dce-advanced-background-color=\"#FFFFFF\" data-dce-advanced-background-image-url=\"https:\/\/ooe.boo.mybluehost.me\/wp-content\/uploads\/2024\/08\/Vector.png\" class=\"elementor-element elementor-element-bc7ebc7 elementor-vertical-align-middle bot elementor-widget__width-inherit elementor-widget elementor-widget-icon-box\" data-id=\"bc7ebc7\" data-element_type=\"widget\" id=\"btn5\" data-widget_type=\"icon-box.default\">\n\t\t\t\t<div class=\"elementor-widget-container\">\n\t\t\t\t\t<div class=\"elementor-icon-box-wrapper\">\n\n\t\t\t\n\t\t\t\t\t\t<div class=\"elementor-icon-box-content\">\n\n\t\t\t\t\t\t\t\t\t<h3 class=\"elementor-icon-box-title\">\n\t\t\t\t\t\t<a href=\"#\" >\n\t\t\t\t\t\t\tOperations Committee\t\t\t\t\t\t<\/a>\n\t\t\t\t\t<\/h3>\n\t\t\t\t\n\t\t\t\t\n\t\t\t<\/div>\n\t\t\t\n\t\t<\/div>\n\t\t\t\t<\/div>\n\t\t\t\t<\/div>\n\t\t\t\t<\/div>\n\t\t<div class=\"has_ae_slider elementor-element elementor-element-0dc9abc e-con-full contenido5 e-flex ae-bg-gallery-type-default e-con e-child\" data-dce-background-color=\"#F9F9F9\" data-id=\"0dc9abc\" data-element_type=\"container\" data-settings=\"{&quot;background_background&quot;:&quot;classic&quot;}\">\n\t\t\t\t<div class=\"elementor-element elementor-element-04bd92b elementor-widget elementor-widget-text-editor\" data-id=\"04bd92b\" data-element_type=\"widget\" data-widget_type=\"text-editor.default\">\n\t\t\t\t<div class=\"elementor-widget-container\">\n\t\t\t\t\t\t\t<p>The Operations Committee will be made up of four directors elected by the Board of Directors.<\/p><p><strong>Objective:<\/strong>\u00a0Provide support to the Vice Presidency of Operations in meeting the goals set at the beginning of each year, in addition to providing a long-term vision to achieve the continuity of the Company's operations<\/p>\t\t\t\t\t\t<\/div>\n\t\t\t\t<\/div>\n\t\t\t\t<\/div>\n\t\t\t\t<\/div>\n\t\t\t\t<\/div>\n\t\t\t\t<\/div>","protected":false},"excerpt":{"rendered":"<p>Inicio \/ Inversionistas \/ Comit\u00e9s Comit\u00e9s Compa\u00f1\u00eda de Minas Buenaventura S.A.A. cuenta con los siguientes Comit\u00e9s: Comit\u00e9 de Auditor\u00eda Comit\u00e9 de Nominaciones y Compensaciones Comit\u00e9 de Gobierno Corporativo Comit\u00e9 de Sostenibilidad e Innovaci\u00f3n Cada comit\u00e9 posee un reglamento interno en el cual se describen sus responsabilidades espec\u00edficas, funciones y autoridad. El Directorio en pleno es [&hellip;]<\/p>\n","protected":false},"author":1,"featured_media":0,"parent":0,"menu_order":0,"comment_status":"closed","ping_status":"closed","template":"elementor_header_footer","meta":{"footnotes":""},"class_list":["post-3188","page","type-page","status-publish","hentry"],"acf":[],"_links":{"self":[{"href":"https:\/\/demo.jamnweb.com\/en\/wp-json\/wp\/v2\/pages\/3188","targetHints":{"allow":["GET"]}}],"collection":[{"href":"https:\/\/demo.jamnweb.com\/en\/wp-json\/wp\/v2\/pages"}],"about":[{"href":"https:\/\/demo.jamnweb.com\/en\/wp-json\/wp\/v2\/types\/page"}],"author":[{"embeddable":true,"href":"https:\/\/demo.jamnweb.com\/en\/wp-json\/wp\/v2\/users\/1"}],"replies":[{"embeddable":true,"href":"https:\/\/demo.jamnweb.com\/en\/wp-json\/wp\/v2\/comments?post=3188"}],"version-history":[{"count":22,"href":"https:\/\/demo.jamnweb.com\/en\/wp-json\/wp\/v2\/pages\/3188\/revisions"}],"predecessor-version":[{"id":4766,"href":"https:\/\/demo.jamnweb.com\/en\/wp-json\/wp\/v2\/pages\/3188\/revisions\/4766"}],"wp:attachment":[{"href":"https:\/\/demo.jamnweb.com\/en\/wp-json\/wp\/v2\/media?parent=3188"}],"curies":[{"name":"wp","href":"https:\/\/api.w.org\/{rel}","templated":true}]}}