{"id":10996,"date":"2025-07-04T03:09:26","date_gmt":"2025-07-04T03:09:26","guid":{"rendered":"https:\/\/demo.jamnweb.com\/?page_id=10996"},"modified":"2025-07-04T03:10:40","modified_gmt":"2025-07-04T03:10:40","slug":"contactenos","status":"publish","type":"page","link":"https:\/\/demo.jamnweb.com\/en\/contactenos\/","title":{"rendered":"Cont\u00e1ctenos"},"content":{"rendered":"<div data-elementor-type=\"wp-post\" data-elementor-id=\"10996\" class=\"elementor elementor-10996\" data-elementor-post-type=\"page\">\n\t\t\t\t<div class=\"has_ae_slider elementor-element elementor-element-1beaee7 e-con-full e-flex ae-bg-gallery-type-default e-con e-parent\" data-dce-background-image-url=\"https:\/\/demo.jamnweb.com\/wp-content\/uploads\/2025\/06\/f8.jpg\" data-id=\"1beaee7\" data-element_type=\"container\" data-settings=\"{&quot;background_background&quot;:&quot;classic&quot;}\">\n\t\t<div class=\"has_ae_slider elementor-element elementor-element-2d709b8 e-con-full e-flex ae-bg-gallery-type-default e-con e-child\" data-id=\"2d709b8\" data-element_type=\"container\" data-settings=\"{&quot;background_background&quot;:&quot;classic&quot;}\">\n\t\t\t\t<div class=\"elementor-element elementor-element-e13551a elementor-widget elementor-widget-heading\" data-id=\"e13551a\" data-element_type=\"widget\" data-widget_type=\"heading.default\">\n\t\t\t\t<div class=\"elementor-widget-container\">\n\t\t\t<h2 class=\"elementor-heading-title elementor-size-default\">Facturaci\u00f3n electr\u00f3nica<\/h2>\t\t<\/div>\n\t\t\t\t<\/div>\n\t\t\t\t<\/div>\n\t\t<div class=\"has_ae_slider elementor-element elementor-element-33783df e-con-full e-flex ae-bg-gallery-type-default e-con e-child\" data-id=\"33783df\" data-element_type=\"container\">\n\t\t\t\t<\/div>\n\t\t\t\t<\/div>\n\t\t<div class=\"has_ae_slider elementor-element elementor-element-f84037a e-flex e-con-boxed ae-bg-gallery-type-default e-con e-parent\" data-id=\"f84037a\" data-element_type=\"container\">\n\t\t\t\t\t<div class=\"e-con-inner\">\n\t\t<div class=\"has_ae_slider elementor-element elementor-element-6807059 e-con-full e-flex ae-bg-gallery-type-default e-con e-child\" data-dce-background-image-url=\"https:\/\/demo.jamnweb.com\/wp-content\/uploads\/2025\/07\/Rectangle-612-1.png\" data-dce-background-hover-image-url=\"https:\/\/demo.jamnweb.com\/wp-content\/uploads\/2025\/06\/Rectangle-612.png\" data-dce-advanced-background-hover-image-url=\"https:\/\/demo.jamnweb.com\/wp-content\/uploads\/2025\/06\/Rectangle-612.png\" data-id=\"6807059\" data-element_type=\"container\" data-settings=\"{&quot;background_background&quot;:&quot;classic&quot;}\">\n\t\t\t\t<div class=\"elementor-element elementor-element-481911b elementor-widget elementor-widget-heading\" data-id=\"481911b\" data-element_type=\"widget\" data-widget_type=\"heading.default\">\n\t\t\t\t<div class=\"elementor-widget-container\">\n\t\t\t<h2 class=\"elementor-heading-title elementor-size-default\"><a href=\"\/en\/facturacion-electronica\/\">Caracter\u00edsticas<\/a><\/h2>\t\t<\/div>\n\t\t\t\t<\/div>\n\t\t\t\t<\/div>\n\t\t<div class=\"has_ae_slider elementor-element elementor-element-e2c4b38 e-con-full e-flex ae-bg-gallery-type-default e-con e-child\" data-dce-background-image-url=\"https:\/\/demo.jamnweb.com\/wp-content\/uploads\/2025\/07\/Rectangle-612-1.png\" data-dce-background-hover-image-url=\"https:\/\/demo.jamnweb.com\/wp-content\/uploads\/2025\/06\/Rectangle-612.png\" data-dce-advanced-background-hover-image-url=\"https:\/\/demo.jamnweb.com\/wp-content\/uploads\/2025\/06\/Rectangle-612.png\" data-id=\"e2c4b38\" data-element_type=\"container\" data-settings=\"{&quot;background_background&quot;:&quot;classic&quot;}\">\n\t\t\t\t<div class=\"elementor-element elementor-element-4af7a5c elementor-widget elementor-widget-heading\" data-id=\"4af7a5c\" data-element_type=\"widget\" data-widget_type=\"heading.default\">\n\t\t\t\t<div class=\"elementor-widget-container\">\n\t\t\t<h2 class=\"elementor-heading-title elementor-size-default\"><a href=\"\/en\/proceso-emision\/\">Proceso de emisi\u00f3n<\/a><\/h2>\t\t<\/div>\n\t\t\t\t<\/div>\n\t\t\t\t<\/div>\n\t\t<div class=\"has_ae_slider elementor-element elementor-element-80b1005 e-con-full e-flex ae-bg-gallery-type-default e-con e-child\" data-dce-background-image-url=\"https:\/\/demo.jamnweb.com\/wp-content\/uploads\/2025\/07\/Rectangle-612-1.png\" data-dce-background-hover-image-url=\"https:\/\/demo.jamnweb.com\/wp-content\/uploads\/2025\/06\/Rectangle-612.png\" data-dce-advanced-background-hover-image-url=\"https:\/\/demo.jamnweb.com\/wp-content\/uploads\/2025\/06\/Rectangle-612.png\" data-id=\"80b1005\" data-element_type=\"container\" data-settings=\"{&quot;background_background&quot;:&quot;classic&quot;}\">\n\t\t\t\t<div class=\"elementor-element elementor-element-9baa94a elementor-widget elementor-widget-heading\" data-id=\"9baa94a\" data-element_type=\"widget\" data-widget_type=\"heading.default\">\n\t\t\t\t<div class=\"elementor-widget-container\">\n\t\t\t<h2 class=\"elementor-heading-title elementor-size-default\"><a href=\"\/en\/acceso-facturas\/\">acceso a facturas y otros comprobantes<\/a><\/h2>\t\t<\/div>\n\t\t\t\t<\/div>\n\t\t\t\t<\/div>\n\t\t<div class=\"has_ae_slider elementor-element elementor-element-d5810b9 e-con-full e-flex ae-bg-gallery-type-default e-con e-child\" data-dce-background-image-url=\"https:\/\/demo.jamnweb.com\/wp-content\/uploads\/2025\/07\/Rectangle-612.png\" data-dce-background-hover-image-url=\"https:\/\/demo.jamnweb.com\/wp-content\/uploads\/2025\/06\/Rectangle-612.png\" data-dce-advanced-background-hover-image-url=\"https:\/\/demo.jamnweb.com\/wp-content\/uploads\/2025\/06\/Rectangle-612.png\" data-id=\"d5810b9\" data-element_type=\"container\" data-settings=\"{&quot;background_background&quot;:&quot;classic&quot;}\">\n\t\t\t\t<div class=\"elementor-element elementor-element-486dd80 elementor-widget elementor-widget-heading\" data-id=\"486dd80\" data-element_type=\"widget\" data-widget_type=\"heading.default\">\n\t\t\t\t<div class=\"elementor-widget-container\">\n\t\t\t<h2 class=\"elementor-heading-title elementor-size-default\"><a href=\"\/en\/contactenos\/\">cont\u00e1ctenos<\/a><\/h2>\t\t<\/div>\n\t\t\t\t<\/div>\n\t\t\t\t<\/div>\n\t\t\t\t\t<\/div>\n\t\t\t\t<\/div>\n\t\t<div class=\"has_ae_slider elementor-element elementor-element-058eaf5 e-flex e-con-boxed ae-bg-gallery-type-default e-con e-parent\" data-id=\"058eaf5\" data-element_type=\"container\">\n\t\t\t\t\t<div class=\"e-con-inner\">\n\t\t<div class=\"has_ae_slider elementor-element elementor-element-0814b43 e-con-full e-flex ae-bg-gallery-type-default e-con e-child\" data-id=\"0814b43\" data-element_type=\"container\">\n\t\t\t\t<div class=\"elementor-element elementor-element-c0fe128 elementor-widget elementor-widget-text-editor\" data-id=\"c0fe128\" data-element_type=\"widget\" data-widget_type=\"text-editor.default\">\n\t\t\t\t<div class=\"elementor-widget-container\">\n\t\t\t\t\t\t\t<p>Si tiene alguna consulta sobre facturaci\u00f3n electr\u00f3nica puede escribirnos a:\u00a0<a href=\"mailto:cuentasporcobrar@elbrocal.com.pe\">cuentasporcobrar@elbrocal.com.pe<\/a><\/p>\t\t\t\t\t\t<\/div>\n\t\t\t\t<\/div>\n\t\t\t\t<\/div>\n\t\t\t\t\t<\/div>\n\t\t\t\t<\/div>\n\t\t<div class=\"has_ae_slider elementor-element elementor-element-fdee8c7 e-con-full e-flex ae-bg-gallery-type-default e-con e-parent\" data-id=\"fdee8c7\" data-element_type=\"container\">\n\t\t<div class=\"has_ae_slider elementor-element elementor-element-b584cb2 e-con-full e-flex ae-bg-gallery-type-default e-con e-child\" data-id=\"b584cb2\" data-element_type=\"container\">\n\t\t\t\t<div class=\"elementor-element elementor-element-4e47e00 dce_masking-none elementor-widget elementor-widget-image\" data-id=\"4e47e00\" data-element_type=\"widget\" data-widget_type=\"image.default\">\n\t\t\t\t<div class=\"elementor-widget-container\">\n\t\t\t\t\t\t\t\t\t\t\t\t\t<img decoding=\"async\" width=\"204\" height=\"66\" src=\"https:\/\/demo.jamnweb.com\/wp-content\/uploads\/2025\/06\/logo-1.png\" class=\"attachment-full size-full wp-image-10586\" alt=\"\" srcset=\"https:\/\/demo.jamnweb.com\/wp-content\/uploads\/2025\/06\/logo-1.png 204w, https:\/\/demo.jamnweb.com\/wp-content\/uploads\/2025\/06\/logo-1-18x6.png 18w\" sizes=\"(max-width: 204px) 100vw, 204px\" \/>\t\t\t\t\t\t\t\t\t\t\t\t\t<\/div>\n\t\t\t\t<\/div>\n\t\t\t\t<\/div>\n\t\t<div class=\"has_ae_slider elementor-element elementor-element-cac7b66 e-con-full e-flex ae-bg-gallery-type-default e-con e-child\" data-id=\"cac7b66\" data-element_type=\"container\">\n\t\t\t\t<div class=\"elementor-element elementor-element-8db0061 dce_masking-none elementor-widget elementor-widget-image\" data-id=\"8db0061\" data-element_type=\"widget\" data-widget_type=\"image.default\">\n\t\t\t\t<div class=\"elementor-widget-container\">\n\t\t\t\t\t\t\t\t\t\t\t\t\t<img decoding=\"async\" width=\"204\" height=\"66\" src=\"https:\/\/demo.jamnweb.com\/wp-content\/uploads\/2025\/06\/logo-2.png\" class=\"attachment-full size-full wp-image-10587\" alt=\"\" srcset=\"https:\/\/demo.jamnweb.com\/wp-content\/uploads\/2025\/06\/logo-2.png 204w, https:\/\/demo.jamnweb.com\/wp-content\/uploads\/2025\/06\/logo-2-18x6.png 18w\" sizes=\"(max-width: 204px) 100vw, 204px\" \/>\t\t\t\t\t\t\t\t\t\t\t\t\t<\/div>\n\t\t\t\t<\/div>\n\t\t\t\t<\/div>\n\t\t<div class=\"has_ae_slider elementor-element elementor-element-95621ba e-con-full e-flex ae-bg-gallery-type-default e-con e-child\" data-id=\"95621ba\" data-element_type=\"container\">\n\t\t\t\t<div class=\"elementor-element elementor-element-3dc3f64 dce_masking-none elementor-widget elementor-widget-image\" data-id=\"3dc3f64\" data-element_type=\"widget\" data-widget_type=\"image.default\">\n\t\t\t\t<div class=\"elementor-widget-container\">\n\t\t\t\t\t\t\t\t\t\t\t\t\t<img decoding=\"async\" width=\"204\" height=\"66\" src=\"https:\/\/demo.jamnweb.com\/wp-content\/uploads\/2025\/06\/logo-3.png\" class=\"attachment-full size-full wp-image-10588\" alt=\"\" srcset=\"https:\/\/demo.jamnweb.com\/wp-content\/uploads\/2025\/06\/logo-3.png 204w, https:\/\/demo.jamnweb.com\/wp-content\/uploads\/2025\/06\/logo-3-18x6.png 18w\" sizes=\"(max-width: 204px) 100vw, 204px\" \/>\t\t\t\t\t\t\t\t\t\t\t\t\t<\/div>\n\t\t\t\t<\/div>\n\t\t\t\t<\/div>\n\t\t<div class=\"has_ae_slider elementor-element elementor-element-de2144e e-con-full e-flex ae-bg-gallery-type-default e-con e-child\" data-id=\"de2144e\" data-element_type=\"container\">\n\t\t\t\t<div class=\"elementor-element elementor-element-52e3696 dce_masking-none elementor-widget elementor-widget-image\" data-id=\"52e3696\" data-element_type=\"widget\" data-widget_type=\"image.default\">\n\t\t\t\t<div class=\"elementor-widget-container\">\n\t\t\t\t\t\t\t\t\t\t\t\t\t<img loading=\"lazy\" decoding=\"async\" width=\"204\" height=\"66\" src=\"https:\/\/demo.jamnweb.com\/wp-content\/uploads\/2025\/06\/logo-4.png\" class=\"attachment-full size-full wp-image-10584\" alt=\"\" srcset=\"https:\/\/demo.jamnweb.com\/wp-content\/uploads\/2025\/06\/logo-4.png 204w, https:\/\/demo.jamnweb.com\/wp-content\/uploads\/2025\/06\/logo-4-18x6.png 18w\" sizes=\"(max-width: 204px) 100vw, 204px\" \/>\t\t\t\t\t\t\t\t\t\t\t\t\t<\/div>\n\t\t\t\t<\/div>\n\t\t\t\t<\/div>\n\t\t<div class=\"has_ae_slider elementor-element elementor-element-19e26f2 e-con-full e-flex ae-bg-gallery-type-default e-con e-child\" data-id=\"19e26f2\" data-element_type=\"container\">\n\t\t\t\t<div class=\"elementor-element elementor-element-e237b35 dce_masking-none elementor-widget elementor-widget-image\" data-id=\"e237b35\" data-element_type=\"widget\" data-widget_type=\"image.default\">\n\t\t\t\t<div class=\"elementor-widget-container\">\n\t\t\t\t\t\t\t\t\t\t\t\t\t<img loading=\"lazy\" decoding=\"async\" width=\"204\" height=\"66\" src=\"https:\/\/demo.jamnweb.com\/wp-content\/uploads\/2025\/06\/logo-5.png\" class=\"attachment-full size-full wp-image-10585\" alt=\"\" srcset=\"https:\/\/demo.jamnweb.com\/wp-content\/uploads\/2025\/06\/logo-5.png 204w, https:\/\/demo.jamnweb.com\/wp-content\/uploads\/2025\/06\/logo-5-18x6.png 18w\" sizes=\"(max-width: 204px) 100vw, 204px\" \/>\t\t\t\t\t\t\t\t\t\t\t\t\t<\/div>\n\t\t\t\t<\/div>\n\t\t\t\t<\/div>\n\t\t\t\t<\/div>\n\t\t<div class=\"has_ae_slider elementor-element elementor-element-ab95b44 e-flex e-con-boxed ae-bg-gallery-type-default e-con e-parent\" data-id=\"ab95b44\" data-element_type=\"container\">\n\t\t\t\t\t<div class=\"e-con-inner\">\n\t\t\t\t<div class=\"elementor-element elementor-element-52627fa elementor-widget elementor-widget-heading\" data-id=\"52627fa\" data-element_type=\"widget\" data-widget_type=\"heading.default\">\n\t\t\t\t<div class=\"elementor-widget-container\">\n\t\t\t<h2 class=\"elementor-heading-title elementor-size-default\">SERVICIO DE MUESTREO Y PREPARACI\u00d3N DE MUESTRAS DE MINERALES, AN\u00c1LISIS QU\u00cdMICO DE MUESTRAS DE MINERALES, AN\u00c1LISIS QU\u00cdMICO DE MUESTRAS DE AGUA<\/h2>\t\t<\/div>\n\t\t\t\t<\/div>\n\t\t\t\t\t<\/div>\n\t\t\t\t<\/div>\n\t\t\t\t<\/div>","protected":false},"excerpt":{"rendered":"<p>Facturaci\u00f3n electr\u00f3nica Caracter\u00edsticas Proceso de emisi\u00f3n acceso a facturas y otros comprobantes cont\u00e1ctenos Si tiene alguna consulta sobre facturaci\u00f3n electr\u00f3nica puede escribirnos a:\u00a0cuentasporcobrar@elbrocal.com.pe SERVICIO DE MUESTREO Y PREPARACI\u00d3N DE MUESTRAS DE MINERALES, AN\u00c1LISIS QU\u00cdMICO DE MUESTRAS DE MINERALES, AN\u00c1LISIS QU\u00cdMICO DE MUESTRAS DE AGUA<\/p>","protected":false},"author":1,"featured_media":0,"parent":0,"menu_order":0,"comment_status":"closed","ping_status":"closed","template":"elementor_header_footer","meta":{"footnotes":""},"class_list":["post-10996","page","type-page","status-publish","hentry"],"acf":[],"_links":{"self":[{"href":"https:\/\/demo.jamnweb.com\/en\/wp-json\/wp\/v2\/pages\/10996","targetHints":{"allow":["GET"]}}],"collection":[{"href":"https:\/\/demo.jamnweb.com\/en\/wp-json\/wp\/v2\/pages"}],"about":[{"href":"https:\/\/demo.jamnweb.com\/en\/wp-json\/wp\/v2\/types\/page"}],"author":[{"embeddable":true,"href":"https:\/\/demo.jamnweb.com\/en\/wp-json\/wp\/v2\/users\/1"}],"replies":[{"embeddable":true,"href":"https:\/\/demo.jamnweb.com\/en\/wp-json\/wp\/v2\/comments?post=10996"}],"version-history":[{"count":4,"href":"https:\/\/demo.jamnweb.com\/en\/wp-json\/wp\/v2\/pages\/10996\/revisions"}],"predecessor-version":[{"id":11000,"href":"https:\/\/demo.jamnweb.com\/en\/wp-json\/wp\/v2\/pages\/10996\/revisions\/11000"}],"wp:attachment":[{"href":"https:\/\/demo.jamnweb.com\/en\/wp-json\/wp\/v2\/media?parent=10996"}],"curies":[{"name":"wp","href":"https:\/\/api.w.org\/{rel}","templated":true}]}}